{"id":313,"date":"2024-10-10T12:18:01","date_gmt":"2024-10-10T10:18:01","guid":{"rendered":"https:\/\/www.cgfe.de\/beherztvorort\/?page_id=313"},"modified":"2024-10-17T09:44:39","modified_gmt":"2024-10-17T07:44:39","slug":"annahmestellen","status":"publish","type":"page","link":"https:\/\/www.cgfe.de\/beherztvorort\/arbeitsbereiche\/weihnachten-im-schuhkarton\/annahmestellen\/","title":{"rendered":"Annahmestellen Region Waltershausen &#8211; Ohrdruf"},"content":{"rendered":"\n<p><strong>Bad Tabarz<\/strong>: Raumzeit Bad Tabarz, Lauchagrundstr. 12a<br>\u00d6ffnungszeiten: Mo-Fr. 10-16 Uhr<br>raumzeit@bildungswerk.de<\/p>\n\n\n\n<p><strong>Engelsbach<\/strong>: Landgut Engelsbach, am Heidelberg 22-23<br>\u00d6ffnungszeiten Mo-Sa. 9-20 Uhr<br>WiS(at)cgfe.de<\/p>\n\n\n\n<p><strong>Finsterbergen<\/strong>: Radler-Scheune, Rennsteigstra\u00dfe 13<br>\u00d6ffnungszeiten jeden Freitagabend<br>radlerscheunefinsterbergen(at)t-online.de<\/p>\n\n\n\n<p><strong>Friedrichroda<\/strong>: Honigstube, Marktstra\u00dfe 5 <br>\u00d6ffnungszeiten Mo.-Mi. von 9-18, Do.-Fr. 9-16.30 Uhr<br>honigstube-Herklotz(at)t-online.de<\/p>\n\n\n\n<p><strong>Ohrdruf<\/strong>:  Kirchenladen MannaManna, Bahnhofstr. 14<br>\u00d6ffnungszeiten: Mi 13.00\u201316.00 Uhr, Do. 13.30\u201315.30 Uhr, Fr. 13.00\u201316.00 Uhr<br>Telefon:&nbsp;03624 308777<\/p>\n\n\n\n<p><strong>Tambach-Dietharz<\/strong>, Diakonisches Zentrum Spittergrund, Spitterstra\u00dfe 36<br>\u00d6ffnungszeiten Mo-Fr. 10-15 Uhr<br>Telefon: 036252 479000<\/p>\n\n\n\n<p><strong>Waltershausen<\/strong>: Haus der Generationen, Schulplatz 4<br>\u00d6ffnungszeiten Di-De. 8:30 bis 17:00 Uhr, Fr. von 12-18 Uhr<br>mgh(at)suptur.de<\/p>\n\n\n\n<p><\/p>\n\n\n\n<p><\/p>\n","protected":false},"excerpt":{"rendered":"<p>Bad Tabarz: Raumzeit Bad Tabarz, Lauchagrundstr. 12a\u00d6ffnungszeiten: Mo-Fr. 10-16 Uhrraumzeit@bildungswerk.de Engelsbach: Landgut Engelsbach, am Heidelberg 22-23\u00d6ffnungszeiten Mo-Sa. 9-20 UhrWiS(at)cgfe.de Finsterbergen: Radler-Scheune, Rennsteigstra\u00dfe 13\u00d6ffnungszeiten jeden Freitagabendradlerscheunefinsterbergen(at)t-online.de Friedrichroda: Honigstube, Marktstra\u00dfe 5 \u00d6ffnungszeiten Mo.-Mi. von 9-18, Do.-Fr. 9-16.30 Uhrhonigstube-Herklotz(at)t-online.de Ohrdruf: Kirchenladen MannaManna, Bahnhofstr. 14\u00d6ffnungszeiten: Mi 13.00\u201316.00 Uhr, Do. 13.30\u201315.30 Uhr, Fr. 13.00\u201316.00 UhrTelefon:&nbsp;03624 308777 Tambach-Dietharz, Diakonisches Zentrum Spittergrund, [&hellip;]<\/p>\n","protected":false},"author":3,"featured_media":0,"parent":279,"menu_order":0,"comment_status":"closed","ping_status":"closed","template":"","meta":{"saved_in_kubio":false,"footnotes":""},"class_list":["post-313","page","type-page","status-publish","hentry"],"kubio_ai_page_context":{"short_desc":"","purpose":"general"},"_links":{"self":[{"href":"https:\/\/www.cgfe.de\/beherztvorort\/wp-json\/wp\/v2\/pages\/313","targetHints":{"allow":["GET"]}}],"collection":[{"href":"https:\/\/www.cgfe.de\/beherztvorort\/wp-json\/wp\/v2\/pages"}],"about":[{"href":"https:\/\/www.cgfe.de\/beherztvorort\/wp-json\/wp\/v2\/types\/page"}],"author":[{"embeddable":true,"href":"https:\/\/www.cgfe.de\/beherztvorort\/wp-json\/wp\/v2\/users\/3"}],"replies":[{"embeddable":true,"href":"https:\/\/www.cgfe.de\/beherztvorort\/wp-json\/wp\/v2\/comments?post=313"}],"version-history":[{"count":3,"href":"https:\/\/www.cgfe.de\/beherztvorort\/wp-json\/wp\/v2\/pages\/313\/revisions"}],"predecessor-version":[{"id":337,"href":"https:\/\/www.cgfe.de\/beherztvorort\/wp-json\/wp\/v2\/pages\/313\/revisions\/337"}],"up":[{"embeddable":true,"href":"https:\/\/www.cgfe.de\/beherztvorort\/wp-json\/wp\/v2\/pages\/279"}],"wp:attachment":[{"href":"https:\/\/www.cgfe.de\/beherztvorort\/wp-json\/wp\/v2\/media?parent=313"}],"curies":[{"name":"wp","href":"https:\/\/api.w.org\/{rel}","templated":true}]}}