{"id":2007,"date":"2013-04-18T08:44:11","date_gmt":"2013-04-18T07:44:11","guid":{"rendered":"http:\/\/de.landgutengelsbach.eu\/?page_id=2007"},"modified":"2013-04-18T08:44:11","modified_gmt":"2013-04-18T07:44:11","slug":"trampolin","status":"publish","type":"page","link":"https:\/\/www.cgfe.de\/lge-de\/moglichkeiten\/gelande\/trampolin\/","title":{"rendered":"Trampolin"},"content":{"rendered":"<p>Auf dem Au\u00dfengel\u00e4nde gibt es ein gro\u00dfes Trampolin, das bei Kindern sehr beliebt ist.<\/p>\n<p>Da kann man sich an der frischen Luft richtig austoben.<\/p>\n<p>&nbsp;<\/p>\n<p>&nbsp;<\/p>\n","protected":false},"excerpt":{"rendered":"<p>Auf dem Au\u00dfengel\u00e4nde gibt es ein gro\u00dfes Trampolin, das bei Kindern sehr beliebt ist. Da kann man sich an der frischen Luft richtig austoben. &nbsp; &nbsp;<\/p>\n","protected":false},"author":1,"featured_media":0,"parent":1990,"menu_order":24,"comment_status":"closed","ping_status":"closed","template":"page-template-moglichkeiten.php","meta":{"saved_in_kubio":false,"ngg_post_thumbnail":0,"footnotes":""},"class_list":["post-2007","page","type-page","status-publish","hentry"],"kubio_ai_page_context":{"short_desc":"","purpose":"general"},"_links":{"self":[{"href":"https:\/\/www.cgfe.de\/lge-de\/wp-json\/wp\/v2\/pages\/2007","targetHints":{"allow":["GET"]}}],"collection":[{"href":"https:\/\/www.cgfe.de\/lge-de\/wp-json\/wp\/v2\/pages"}],"about":[{"href":"https:\/\/www.cgfe.de\/lge-de\/wp-json\/wp\/v2\/types\/page"}],"author":[{"embeddable":true,"href":"https:\/\/www.cgfe.de\/lge-de\/wp-json\/wp\/v2\/users\/1"}],"replies":[{"embeddable":true,"href":"https:\/\/www.cgfe.de\/lge-de\/wp-json\/wp\/v2\/comments?post=2007"}],"version-history":[{"count":0,"href":"https:\/\/www.cgfe.de\/lge-de\/wp-json\/wp\/v2\/pages\/2007\/revisions"}],"up":[{"embeddable":true,"href":"https:\/\/www.cgfe.de\/lge-de\/wp-json\/wp\/v2\/pages\/1990"}],"wp:attachment":[{"href":"https:\/\/www.cgfe.de\/lge-de\/wp-json\/wp\/v2\/media?parent=2007"}],"curies":[{"name":"wp","href":"https:\/\/api.w.org\/{rel}","templated":true}]}}