{"id":2137,"date":"2013-04-18T15:18:52","date_gmt":"2013-04-18T14:18:52","guid":{"rendered":"http:\/\/de.landgutengelsbach.eu\/?page_id=2137"},"modified":"2013-04-18T15:18:52","modified_gmt":"2013-04-18T14:18:52","slug":"rennsteig","status":"publish","type":"page","link":"https:\/\/www.cgfe.de\/lge-de\/umgebung\/freizeit\/rennsteig\/","title":{"rendered":"Rennsteig"},"content":{"rendered":"<p>Das Gel\u00e4nde grenzt direkt an den Wald mit kilometerlangen Rad- und Wanderwegen, welche unter anderem innerhalb wenigen Kilometern zu dem bekanntesten Wanderweg Deutschlands &#8222;der Rennsteig&#8220; (168 km lang) f\u00fchren. Der Rennsteig f\u00fchrt mitten durch den Th\u00fcringer Wald.<\/p>\n","protected":false},"excerpt":{"rendered":"<p>Das Gel\u00e4nde grenzt direkt an den Wald mit kilometerlangen Rad- und Wanderwegen, welche unter anderem innerhalb wenigen Kilometern zu dem bekanntesten Wanderweg Deutschlands &#8222;der Rennsteig&#8220; (168 km lang) f\u00fchren. Der Rennsteig f\u00fchrt mitten durch den Th\u00fcringer Wald.<\/p>\n","protected":false},"author":1,"featured_media":0,"parent":1981,"menu_order":31,"comment_status":"closed","ping_status":"closed","template":"page-template-umgebung.php","meta":{"saved_in_kubio":false,"ngg_post_thumbnail":0,"footnotes":""},"class_list":["post-2137","page","type-page","status-publish","hentry"],"kubio_ai_page_context":{"short_desc":"","purpose":"general"},"_links":{"self":[{"href":"https:\/\/www.cgfe.de\/lge-de\/wp-json\/wp\/v2\/pages\/2137","targetHints":{"allow":["GET"]}}],"collection":[{"href":"https:\/\/www.cgfe.de\/lge-de\/wp-json\/wp\/v2\/pages"}],"about":[{"href":"https:\/\/www.cgfe.de\/lge-de\/wp-json\/wp\/v2\/types\/page"}],"author":[{"embeddable":true,"href":"https:\/\/www.cgfe.de\/lge-de\/wp-json\/wp\/v2\/users\/1"}],"replies":[{"embeddable":true,"href":"https:\/\/www.cgfe.de\/lge-de\/wp-json\/wp\/v2\/comments?post=2137"}],"version-history":[{"count":0,"href":"https:\/\/www.cgfe.de\/lge-de\/wp-json\/wp\/v2\/pages\/2137\/revisions"}],"up":[{"embeddable":true,"href":"https:\/\/www.cgfe.de\/lge-de\/wp-json\/wp\/v2\/pages\/1981"}],"wp:attachment":[{"href":"https:\/\/www.cgfe.de\/lge-de\/wp-json\/wp\/v2\/media?parent=2137"}],"curies":[{"name":"wp","href":"https:\/\/api.w.org\/{rel}","templated":true}]}}