{"id":5276,"date":"2020-06-20T09:22:12","date_gmt":"2020-06-20T08:22:12","guid":{"rendered":"https:\/\/www.landgutengelsbach.eu\/de-de\/?page_id=5276"},"modified":"2026-02-18T17:23:31","modified_gmt":"2026-02-18T16:23:31","slug":"gruppenangebot-leidenschaft","status":"publish","type":"page","link":"https:\/\/www.cgfe.de\/lge-de\/gruppenunterkuenfte\/gruppenangebot-leidenschaft\/","title":{"rendered":"Leidenschaft"},"content":{"rendered":"\n\n\n\n\n\n\n\n\n\n\n\n\n\n\n\n\n\n","protected":false},"excerpt":{"rendered":"<p>Ein gro\u00dfer Saal f\u00fcr Programme, eine deutsche Stube mit Theke zum gem\u00fctlichen Ausklang. Selbstversorgung mit Gro\u00dfk\u00fcche! \u00dcbernachtung in Doppelzimmern. Gruppen bis zu 60 Personen.<\/p>\n","protected":false},"author":1,"featured_media":2645,"parent":1946,"menu_order":1,"comment_status":"closed","ping_status":"closed","template":"","meta":{"saved_in_kubio":true,"ngg_post_thumbnail":0,"footnotes":""},"class_list":["post-5276","page","type-page","status-publish","has-post-thumbnail","hentry"],"kubio_ai_page_context":{"short_desc":"","purpose":"general"},"_links":{"self":[{"href":"https:\/\/www.cgfe.de\/lge-de\/wp-json\/wp\/v2\/pages\/5276","targetHints":{"allow":["GET"]}}],"collection":[{"href":"https:\/\/www.cgfe.de\/lge-de\/wp-json\/wp\/v2\/pages"}],"about":[{"href":"https:\/\/www.cgfe.de\/lge-de\/wp-json\/wp\/v2\/types\/page"}],"author":[{"embeddable":true,"href":"https:\/\/www.cgfe.de\/lge-de\/wp-json\/wp\/v2\/users\/1"}],"replies":[{"embeddable":true,"href":"https:\/\/www.cgfe.de\/lge-de\/wp-json\/wp\/v2\/comments?post=5276"}],"version-history":[{"count":3,"href":"https:\/\/www.cgfe.de\/lge-de\/wp-json\/wp\/v2\/pages\/5276\/revisions"}],"predecessor-version":[{"id":6710,"href":"https:\/\/www.cgfe.de\/lge-de\/wp-json\/wp\/v2\/pages\/5276\/revisions\/6710"}],"up":[{"embeddable":true,"href":"https:\/\/www.cgfe.de\/lge-de\/wp-json\/wp\/v2\/pages\/1946"}],"wp:featuredmedia":[{"embeddable":true,"href":"https:\/\/www.cgfe.de\/lge-de\/wp-json\/wp\/v2\/media\/2645"}],"wp:attachment":[{"href":"https:\/\/www.cgfe.de\/lge-de\/wp-json\/wp\/v2\/media?parent=5276"}],"curies":[{"name":"wp","href":"https:\/\/api.w.org\/{rel}","templated":true}]}}