{"id":5282,"date":"2020-06-20T09:28:27","date_gmt":"2020-06-20T08:28:27","guid":{"rendered":"https:\/\/www.landgutengelsbach.eu\/de-de\/?page_id=5282"},"modified":"2026-02-18T17:22:21","modified_gmt":"2026-02-18T16:22:21","slug":"gruppenangebot-freiheit","status":"publish","type":"page","link":"https:\/\/www.cgfe.de\/lge-de\/gruppenunterkuenfte\/gruppenangebot-freiheit\/","title":{"rendered":"Freiheit"},"content":{"rendered":"\n<h3 class=\"wp-block-heading has-text-align-center has-kubio-color-1-color has-text-color has-link-color wp-elements-1b113bd09adf4d4c0a5e671742c72288\"><strong>Entspannt genie\u00dfen und zusammen sein<\/strong><\/h3>\n\n\n\n<p class=\"has-kubio-color-1-color has-text-color has-link-color wp-elements-66f10faaf91935c56e9a6e300350bffa\">Sucht ihr eine Unterkunft, die Komfort, Gemeinschaft und Natur perfekt miteinander verbindet?<br>Mit \u201eFreiheit\u201c erlebt ihr unvergessliche Tage in einer Umgebung, die f\u00fcr jeden etwas bereith\u00e4lt. <br>Ideal f\u00fcr Familien, Freundesgruppen oder kleinere Veranstaltungen \u2013 hier wird euer Aufenthalt zu einem besonderen Erlebnis, <br><strong>bei dem ihr euch ganz nach euren W\u00fcnschen selbst versorgen k\u00f6nnt.<\/strong><\/p>\n\n\n\n<p class=\"has-kubio-color-1-color has-text-color has-link-color wp-elements-2548ddf01825cb246b54b388a277dc9f\">\u201eFreiheit\u201c ist ideal f\u00fcr Gruppen bis zu <strong>25 Personen<\/strong> und verbindet gemeinschaftliche R\u00e4ume mit ausreichend R\u00fcckzugsm\u00f6glichkeiten.<\/p>\n\n\n\n\n\n\n\n\n\n\n\n\n\n<p><\/p>\n\n\n\n\n\n\n","protected":false},"excerpt":{"rendered":"<p>Interaktivit\u00e4t gew\u00fcnscht? Pizzaofen, Grillplatz und direkt am Sportplatz gelegen. \u00dcbernachtung in Doppelzimmern. F\u00fcr Gruppen bis zu 25 Personen.<\/p>\n","protected":false},"author":1,"featured_media":5474,"parent":1946,"menu_order":3,"comment_status":"closed","ping_status":"closed","template":"","meta":{"saved_in_kubio":true,"ngg_post_thumbnail":0,"footnotes":""},"class_list":["post-5282","page","type-page","status-publish","has-post-thumbnail","hentry"],"kubio_ai_page_context":{"short_desc":"","purpose":"general"},"_links":{"self":[{"href":"https:\/\/www.cgfe.de\/lge-de\/wp-json\/wp\/v2\/pages\/5282","targetHints":{"allow":["GET"]}}],"collection":[{"href":"https:\/\/www.cgfe.de\/lge-de\/wp-json\/wp\/v2\/pages"}],"about":[{"href":"https:\/\/www.cgfe.de\/lge-de\/wp-json\/wp\/v2\/types\/page"}],"author":[{"embeddable":true,"href":"https:\/\/www.cgfe.de\/lge-de\/wp-json\/wp\/v2\/users\/1"}],"replies":[{"embeddable":true,"href":"https:\/\/www.cgfe.de\/lge-de\/wp-json\/wp\/v2\/comments?post=5282"}],"version-history":[{"count":3,"href":"https:\/\/www.cgfe.de\/lge-de\/wp-json\/wp\/v2\/pages\/5282\/revisions"}],"predecessor-version":[{"id":6709,"href":"https:\/\/www.cgfe.de\/lge-de\/wp-json\/wp\/v2\/pages\/5282\/revisions\/6709"}],"up":[{"embeddable":true,"href":"https:\/\/www.cgfe.de\/lge-de\/wp-json\/wp\/v2\/pages\/1946"}],"wp:featuredmedia":[{"embeddable":true,"href":"https:\/\/www.cgfe.de\/lge-de\/wp-json\/wp\/v2\/media\/5474"}],"wp:attachment":[{"href":"https:\/\/www.cgfe.de\/lge-de\/wp-json\/wp\/v2\/media?parent=5282"}],"curies":[{"name":"wp","href":"https:\/\/api.w.org\/{rel}","templated":true}]}}