{"id":836,"date":"2012-10-22T13:56:42","date_gmt":"2012-10-22T12:56:42","guid":{"rendered":"http:\/\/nl.landgutengelsbach.eu\/?page_id=836"},"modified":"2017-11-28T19:56:25","modified_gmt":"2017-11-28T18:56:25","slug":"gotha","status":"publish","type":"page","link":"https:\/\/www.cgfe.de\/lge-de\/umgebung\/kultur\/gotha\/","title":{"rendered":"Gotha"},"content":{"rendered":"ngg_shortcode_0_placeholder\n<p>Die fr\u00fchere Haupt- und Residenzstadt des Herzogtums Sachsen-Coburg und Gotha hat einen besonders historischen und modernen Flair. Eine erstaunliche Geschichte und eine ganz eigene Austrahlung.<\/p>\n<p>Das beeindruckende Stadtbild wird bestimmt durch den historischen Stadtkern,&nbsp;<strong>Schlo\u00df Friedenstein,<\/strong>, die gr\u00f6\u00dfte fr\u00fchbarocke Schlo\u00dfanlage Deutschlands und dem gro\u00dffl\u00e4chigen&nbsp;<strong>Schlo\u00dfpark im englischen Stil.<\/strong> Auch heute noch finden in den Wochenenden von Oktober Barockfeste mit Theater wie in alter Zeit statt und mit der damals \u00fcblichen festlichen Kleidung.<br \/>\nEin Schauspiel das sich lohnt.<\/p>\n<p>S\u00fcdlich der Schlo\u00dfanlage befindet sich das Ende des 19. Jhdt. gebaute <strong>Herzogliche Museum<\/strong>. Heutzutage beinhaltet es ein&nbsp;<strong>Natuurmuseum&nbsp;<\/strong>, welches Austellungsst\u00fccke aus dem herzoglichen Naturkabinet pr\u00e4sentiert. Auch befinden sich dort Austellungen \u00fcber den Th\u00fcringer Wald, gesch\u00fctzte Tierarten und die ber\u00fchmten Dinosaurier, deren Knochen in Tambach-Dietharz gefunden wurden.<\/p>\n<p>Die Schlossanlage ist ein wichtiges internationales Erbgut, auf Grund der einzigartigen, die Geschichte \u00fcberdauernden Gesamtanlage, welche aus Schlo\u00df Friedenstein, der Schlo\u00dfkirche, dem Theater, der Bibliothek, dem Archiv, den Kunst- sowie wissenschaftlichen Sammlungen und dem Park besteht. Dies trifft man heutzutage nur noch sehr selten an.<\/p>\n<p>Der historische Stadtkern mit:<\/p>\n<p><strong>dem historischen Rathaus<\/strong>, mit dem Renaissancsgiebel, welcher auf 1574 datiert wurde,<\/p>\n<p><strong>der Margarethenkirche,&nbsp;<\/strong>: seit 1675 der letzte Ruheplatz der Familie Herzog Ernst I. von Sachsen-Gotha-Altenburg. Eine nach 3 Seiten ausgew\u00f6lbte sp\u00e4t-gotische Hallenkirche mit bemerkenswertem Inventar: ein Kindertaufbecken aus 1687, eine Kanzel aus 1727, ein sp\u00e4t-gotisches Relief mit dem letzten Abendmahl aus ca. 1500 und der Gedenkstein f\u00fcr Herzog Ernst den Frommen im Jahr 1728.<\/p>\n<p>In dieser Kirche finden heutzutage regelm\u00e4\u00dfig Konzerte der Handglockench\u00f6re statt.<\/p>\n<p><strong>Augustinerkirche<\/strong>, es ist die einzige erhalten gebliebene Klosteranlage der Region. &nbsp;Diese hat eine T\u00e4felung auf 4 h\u00f6lzernen S\u00e4ulen und einen Rundgang mit 4 Vertiefungen. Auffallend sind die Kanzel und die F\u00fcstenloge.<\/p>\n<p>In der sogenannten&nbsp;<strong>\u2018L\u00f6werburg\u2019<\/strong>, Hauptmarkt 42,&nbsp;schrieb Martin Luther im Jahr 1515 sein erstes Testament als er auf der Durchreise schwerkrank wurde.<\/p>\n<p>Die&nbsp;<strong>Stadt Gotha<\/strong>&nbsp;bietet einen atmosph\u00e4rischen Mix aus historischen Geb\u00e4uden, modernen Gesch\u00e4ften und abwechselndem Gastronomieangebot. In den vielen Gesch\u00e4ften, Boutiquen und den zwei gro\u00dfen Warenh\u00e4usern kann man nach herzenslust shoppen gehen. F\u00fcr das leibliche Wohl sorgen Restaurant, Caf\u00e9s und Bars mit ihrem vielseitigen Angebot von Th\u00fcringer Spezialit\u00e4ten bis hin zu exquisiten Speisen.<\/p>\n<p>Ob Sie nun selbst die Stadt erkunden oder Teilnehmen an einer Stadtf\u00fchrung &#8211; das Gef\u00fchl der spannenden vergangenen Zeit ist \u00fcberall f\u00fchlbar.<\/p>\n","protected":false},"excerpt":{"rendered":"<p>Die fr\u00fchere Haupt- und Residenzstadt des Herzogtums Sachsen-Coburg und Gotha hat einen besonders historischen und modernen Flair. Eine erstaunliche Geschichte und eine ganz eigene Austrahlung. Das beeindruckende Stadtbild wird bestimmt durch den historischen Stadtkern,&nbsp;Schlo\u00df Friedenstein,, die gr\u00f6\u00dfte fr\u00fchbarocke Schlo\u00dfanlage Deutschlands und dem gro\u00dffl\u00e4chigen&nbsp;Schlo\u00dfpark im englischen Stil. Auch heute noch finden in den Wochenenden von Oktober [&hellip;]<\/p>\n","protected":false},"author":1,"featured_media":4330,"parent":1978,"menu_order":13,"comment_status":"closed","ping_status":"closed","template":"","meta":{"saved_in_kubio":false,"ngg_post_thumbnail":0,"footnotes":""},"class_list":["post-836","page","type-page","status-publish","has-post-thumbnail","hentry"],"kubio_ai_page_context":{"short_desc":"","purpose":"general"},"_links":{"self":[{"href":"https:\/\/www.cgfe.de\/lge-de\/wp-json\/wp\/v2\/pages\/836","targetHints":{"allow":["GET"]}}],"collection":[{"href":"https:\/\/www.cgfe.de\/lge-de\/wp-json\/wp\/v2\/pages"}],"about":[{"href":"https:\/\/www.cgfe.de\/lge-de\/wp-json\/wp\/v2\/types\/page"}],"author":[{"embeddable":true,"href":"https:\/\/www.cgfe.de\/lge-de\/wp-json\/wp\/v2\/users\/1"}],"replies":[{"embeddable":true,"href":"https:\/\/www.cgfe.de\/lge-de\/wp-json\/wp\/v2\/comments?post=836"}],"version-history":[{"count":2,"href":"https:\/\/www.cgfe.de\/lge-de\/wp-json\/wp\/v2\/pages\/836\/revisions"}],"predecessor-version":[{"id":5017,"href":"https:\/\/www.cgfe.de\/lge-de\/wp-json\/wp\/v2\/pages\/836\/revisions\/5017"}],"up":[{"embeddable":true,"href":"https:\/\/www.cgfe.de\/lge-de\/wp-json\/wp\/v2\/pages\/1978"}],"wp:featuredmedia":[{"embeddable":true,"href":"https:\/\/www.cgfe.de\/lge-de\/wp-json\/wp\/v2\/media\/4330"}],"wp:attachment":[{"href":"https:\/\/www.cgfe.de\/lge-de\/wp-json\/wp\/v2\/media?parent=836"}],"curies":[{"name":"wp","href":"https:\/\/api.w.org\/{rel}","templated":true}]}}